{"id":1538,"date":"2024-12-12T14:05:34","date_gmt":"2024-12-12T14:05:34","guid":{"rendered":"https:\/\/compromisconsulting.es\/pribatutasun-politika"},"modified":"2025-01-09T13:03:34","modified_gmt":"2025-01-09T13:03:34","slug":"pribatutasun-politika","status":"publish","type":"page","link":"https:\/\/compromisconsulting.es\/eu\/pribatutasun-politika","title":{"rendered":"Pribatutasun-politika"},"content":{"rendered":"\t\t<div data-elementor-type=\"wp-page\" data-elementor-id=\"1538\" class=\"elementor elementor-1538 elementor-1399\">\n\t\t\t\t<div class=\"elementor-element elementor-element-16d0622 e-flex e-con-boxed e-con e-parent\" data-id=\"16d0622\" data-element_type=\"container\">\n\t\t\t\t\t<div class=\"e-con-inner\">\n\t\t\t\t<div class=\"elementor-element elementor-element-2435855 elementor-widget elementor-widget-spacer\" data-id=\"2435855\" data-element_type=\"widget\" data-widget_type=\"spacer.default\">\n\t\t\t\t<div class=\"elementor-widget-container\">\n\t\t\t\t\t\t\t<div class=\"elementor-spacer\">\n\t\t\t<div class=\"elementor-spacer-inner\"><\/div>\n\t\t<\/div>\n\t\t\t\t\t\t<\/div>\n\t\t\t\t<\/div>\n\t\t\t\t\t<\/div>\n\t\t\t\t<\/div>\n\t\t<div class=\"elementor-element elementor-element-164d7f8c e-flex e-con-boxed e-con e-parent\" data-id=\"164d7f8c\" data-element_type=\"container\">\n\t\t\t\t\t<div class=\"e-con-inner\">\n\t\t\t\t<div class=\"elementor-element elementor-element-64b025e5 elementor-widget elementor-widget-text-editor\" data-id=\"64b025e5\" data-element_type=\"widget\" data-widget_type=\"text-editor.default\">\n\t\t\t\t<div class=\"elementor-widget-container\">\n\t\t\t\t\t\t\t\t\t\n<p><strong>1. Sarrera<\/strong><br>1.1. Pribatutasun-politika hau Europako Parlamentuaren eta Kontseiluaren 2016ko apirilaren 27ko (EB) 2016\/679 Erregelamenduan ezarritakoari jarraituz idatzi da, pertsona fisikoen datu pertsonalen tratamenduari eta doakotasunari buruzkoa datu horien zirkulazioa eta 95\/46\/EE Zuzentaraua indargabetzen duena. COMPROMIS CONSULTING S.L. Erabiltzaileari jakinarazten dio www.compromisconsulting.es webgunea COMPROMIS CONSULTING S.L.ren ardura dela. .<br>COMPROMIS CONSULTING S.L. jakinarazten du tratatzen ari diren datuen helburua webguneen Erabiltzailearekiko harremana kudeatzea eta mantentzea dela, bai eta zerbitzuaren eta haiei lotutako jardueren informazioa, estatistikak eta marketina ere.<br>1.2. COMPROMIS CONSULTING S.L. Adierazitako tratamenduak babesten dituen oinarri legitimoa interes legitimo bat egotea dela jakinarazten du, baita cookieak instalatzeari dagokionez ere, interesdunek edo, hala badagokio, legezko ordezkariek emandako baimena.   <br>COMPROMIS CONSULTING S.L. jakinarazten dizu datuak zuk emandako baimenak irauten duen bitartean gordeko direla, legez gordetzera behartuta gauden kasuetan izan ezik.<br>Datuak babesteko indarrean dagoen araudiak ematen dituen eskubideen arabera, Erabiltzaileak Kontrol Agintaritza eskudunarekin jo dezake egokitzat jotzen duen erreklamazioa aurkezteko, bai eta sartzeko, zuzentzeko, tratamendua mugatzeko, ezabatzeko, eramangarritasunerako eta aurka egiteko eskubideak erabili ahal izango ditu. zure datu pertsonalak tratatzeari eta horiek tratatzeko emandako baimena kentzeari.<br>1.3. El mero acceso al sitio web, as\u00ed como de todo o parte de sus contenidos y servicios, implica la aceptaci\u00f3n sin reservas de la presente pol\u00edtica de privacidad.<br>1.4. El Usuario acepta que la navegaci\u00f3n por el sitio web es un acto de libre manifestaci\u00f3n de voluntad para la recogida y tratamiento de datos en los ficheros de COMPROMIS CONSULTING S.L.. COMPROMIS CONSULTING S.L. podr\u00e1, libremente, realizar cambios en la pol\u00edtica de privacidad del sitio web, se indicar\u00e1n dichos cambios en la presente declaraci\u00f3n sobre privacidad, as\u00ed como en cualquier otro lugar que consideremos apropiado para que el Usuario sea consciente de la informaci\u00f3n recopilada, c\u00f3mo la tratamos y en qu\u00e9 circunstancias, en su caso, la comunicamos.   <\/p>\n\n<p><strong>2. Erantzukizunaren muga.<\/strong><\/p>\n\n<p>COMPROMIS CONSULTING S.L. kontratatu nahi duten Erabiltzaileei eskatu eta biltzen dien informazioaren erantzule da soilik, eta ez du inolaz ere erantzukizunik, noizean behin, webguneetako Erabiltzaileek beraiek laga litzakeen, transmititu edo eman dezaketen beste informazio pertsonalen gainean. beste edozein mekanismoren bidez.<\/p>\n\n<p><strong>3. Interesdunen eskubideei eta informazioaren segurtasunari buruzko informazioa.<\/strong><\/p>\n\n<p>Europako Parlamentuaren eta Kontseiluaren 2016ko apirilaren 27ko 2016\/679 (EB) Erregelamenduaren 32. artikuluan ezarritakoaren arabera, pertsona fisikoen babesari buruzkoa, datu pertsonalen tratamenduari eta zirkulazio libreari dagokionez. datu horietatik eta 95\/46\/EE Zuzentaraua indargabetzen duen horren bidez, COMPROMIS CONSULTING S.L. konpromisoa hartzen du beharrezko neurri teknikoak eta antolakuntzakoak hartzeko, berak egiten dituen tratamenduekin batera dakarten arrisku-mailaren arabera, haren osotasuna, konfidentzialtasuna eta erabilgarritasuna bermatu daitezen.<br>Era berean, COMPROMIS CONSULTING S.L. jakinarazten du Erabiltzaileak hirugarrenen webguneetako inprimakietan datuak sartuz gero, azken hau izango dela datu pertsonalen erantzule, eta pribatutasun-politika honen aurreko paragrafoan deskribatutako neurri teknikoak hartu beharko dituela.<br>COMPROMIS CONSULTING S.L. COMPROMIS CONSULTING S.L.ren aurrean erabil ditzakezun sarbidea, zuzenketa, tratamendua mugatzeko, ezabatzeko, eramangarritasunerako eta tratamenduaren aurka egiteko eskubideak erabiltzeko aukeraren berri ematen dizu. . GDPRren III. kapituluaren arabera, \u00f1abardura hauek hartu behar dituzu kontuan:<br>3.1. Atzitzeko eskubidea: Erabiltzaileak bere datu pertsonal espezifikoei eta egindako edo egin den tratamenduari buruzko informazioa lortzeko eskubidea da, bai eta datu horien jatorriari eta egin edo aurreikusitako komunikazioei buruz eskuragarri dagoen informazioa ere. haiek.<br>3.2. Zuzentzeko eskubidea: kaltetutako pertsonaren eskubidea da zehaztasunik gabe edo osatu gabe agertzen diren datuak aldatzeko. COMPROMIS CONSULTING S.L.ren kontrolpean dagoen informazioari dagokionez bakarrik ase daiteke, adibidez, orrialdean bertan argitaratutako iruzkinak, erabiltzailearen datu pertsonalak dituzten irudiak edo web edukiak ezabatuz.<br>3.3. Tratamendua mugatzeko eskubidea: tratamenduaren arduradunak jatorrian aurreikusitako tratamenduaren helburuak mugatzeko eskubidea da.<br>3.4. Ezabatzeko eskubidea: Erabiltzailearen datu pertsonalak ezabatzeko eskubidea da, salbu eta RGPDn bertan edo aplikatzekoak diren beste araudietan horiek gordetzeko betebeharra zehazten dutena, garaiz.<br>3.5. Eramangarritasun-eskubidea: Erabiltzaileak emandako datu pertsonalak, formatu egituratu batean, erabili ohi den eta makinaz irakur daitekeen batean jasotzeko eta beste arduradun bati transmititzeko eskubidea.<br>3.6. Aurka egiteko eskubidea: Erabiltzailearen eskubidea da bere datu pertsonalak ez tratatzea edo haien tratamendua etetea COMPROMIS CONSULTING S.L.k.        <br>Erabiltzaileak bermatzen du emandako datuak egiazkoak, zehatzak, osoak eta eguneratuak direla, bai COMPROMIS CONSULTING S.L.rekiko betebehar hori ez betetzearen ondorioz sor daitezkeen kalte edo galeren erantzule izango dela, zuzenekoa edo zeharkakoa. hirugarrenei dagokienez.<\/p>\n\n<p><strong>4. LSSI-CE betetzeko baimena.<\/strong><\/p>\n\n<p>Informazioaren Gizarteko Zerbitzuei eta Merkataritza Elektronikoaren uztailaren 11ko 34\/2002 Legea betez, COMPROMIS CONSULTING S.L. eskatuko du eta Erabiltzaileak berariazko baimena eman dezake, hala nahi izanez gero, COMPROMIS CONSULTING S.L. zure datuak erabil ditzake webguneari buruzko informazioa eta publizitatea bidaltzeko, bai eskaintza, promozio berezi eta hirugarrenen zerbitzu-hornitzaileei buruz.<br>COMPROMIS CONSULTING S.L. , merkataritza-bidalketa bakoitzean merkataritza-komunikazioak jasotzeko emandako baimena edozein unetan baliogabetu ahal izateko aukera eskainiko du, horretarako gaitutako helbide elektronikora mezu elektroniko bat bidaliz, eta merkataritza-komunikazio bakoitzean jakinarazita.<br>COMPROMIS CONSULTING S.L.-k, zure datu pertsonalen segurtasuna eta konfidentzialtasuna bermatzeko helburuarekin, datu pertsonalen babesari buruzko araudiak eskatzen dituen segurtasun-mailak bereganatu ditu eta eskura dituen bitarteko teknikoak jarri ditu galtzea, erabiltzea, saihesteko. COMPROMIS CONSULTING S.L.ri emandako datu pertsonalak aldatzea, baimenik gabe sartzea eta lapurtzea.<\/p>\n\t\t\t\t\t\t\t\t<\/div>\n\t\t\t\t<\/div>\n\t\t\t\t\t<\/div>\n\t\t\t\t<\/div>\n\t\t<div class=\"elementor-element elementor-element-01a73e4 e-flex e-con-boxed e-con e-parent\" data-id=\"01a73e4\" data-element_type=\"container\">\n\t\t\t\t\t<div class=\"e-con-inner\">\n\t\t\t\t<div class=\"elementor-element elementor-element-e8dd620 elementor-widget elementor-widget-spacer\" data-id=\"e8dd620\" data-element_type=\"widget\" data-widget_type=\"spacer.default\">\n\t\t\t\t<div class=\"elementor-widget-container\">\n\t\t\t\t\t\t\t<div class=\"elementor-spacer\">\n\t\t\t<div class=\"elementor-spacer-inner\"><\/div>\n\t\t<\/div>\n\t\t\t\t\t\t<\/div>\n\t\t\t\t<\/div>\n\t\t\t\t\t<\/div>\n\t\t\t\t<\/div>\n\t\t\t\t<\/div>\n\t\t","protected":false},"excerpt":{"rendered":"<p>1. Sarrera1.1. Pribatutasun-politika hau Europako Parlamentuaren eta Kontseiluaren 2016ko apirilaren 27ko (EB) 2016\/679 Erregelamenduan ezarritakoari jarraituz idatzi da, pertsona fisikoen datu pertsonalen tratamenduari eta doakotasunari buruzkoa datu horien zirkulazioa eta 95\/46\/EE Zuzentaraua indargabetzen duena. COMPROMIS CONSULTING S.L. Erabiltzaileari jakinarazten dio www.compromisconsulting.es webgunea COMPROMIS CONSULTING S.L.ren ardura dela. .COMPROMIS CONSULTING S.L. jakinarazten du tratatzen ari diren [&hellip;]<\/p>\n","protected":false},"author":1,"featured_media":0,"parent":0,"menu_order":0,"comment_status":"closed","ping_status":"closed","template":"elementor_header_footer","meta":{"_monsterinsights_skip_tracking":false,"_monsterinsights_sitenote_active":false,"_monsterinsights_sitenote_note":"","_monsterinsights_sitenote_category":0,"ocean_post_layout":"","ocean_both_sidebars_style":"","ocean_both_sidebars_content_width":0,"ocean_both_sidebars_sidebars_width":0,"ocean_sidebar":"","ocean_second_sidebar":"","ocean_disable_margins":"enable","ocean_add_body_class":"","ocean_shortcode_before_top_bar":"","ocean_shortcode_after_top_bar":"","ocean_shortcode_before_header":"","ocean_shortcode_after_header":"","ocean_has_shortcode":"","ocean_shortcode_after_title":"","ocean_shortcode_before_footer_widgets":"","ocean_shortcode_after_footer_widgets":"","ocean_shortcode_before_footer_bottom":"","ocean_shortcode_after_footer_bottom":"","ocean_display_top_bar":"default","ocean_display_header":"default","ocean_header_style":"","ocean_center_header_left_menu":"","ocean_custom_header_template":"","ocean_custom_logo":0,"ocean_custom_retina_logo":0,"ocean_custom_logo_max_width":0,"ocean_custom_logo_tablet_max_width":0,"ocean_custom_logo_mobile_max_width":0,"ocean_custom_logo_max_height":0,"ocean_custom_logo_tablet_max_height":0,"ocean_custom_logo_mobile_max_height":0,"ocean_header_custom_menu":"","ocean_menu_typo_font_family":"","ocean_menu_typo_font_subset":"","ocean_menu_typo_font_size":0,"ocean_menu_typo_font_size_tablet":0,"ocean_menu_typo_font_size_mobile":0,"ocean_menu_typo_font_size_unit":"px","ocean_menu_typo_font_weight":"","ocean_menu_typo_font_weight_tablet":"","ocean_menu_typo_font_weight_mobile":"","ocean_menu_typo_transform":"","ocean_menu_typo_transform_tablet":"","ocean_menu_typo_transform_mobile":"","ocean_menu_typo_line_height":0,"ocean_menu_typo_line_height_tablet":0,"ocean_menu_typo_line_height_mobile":0,"ocean_menu_typo_line_height_unit":"","ocean_menu_typo_spacing":0,"ocean_menu_typo_spacing_tablet":0,"ocean_menu_typo_spacing_mobile":0,"ocean_menu_typo_spacing_unit":"","ocean_menu_link_color":"","ocean_menu_link_color_hover":"","ocean_menu_link_color_active":"","ocean_menu_link_background":"","ocean_menu_link_hover_background":"","ocean_menu_link_active_background":"","ocean_menu_social_links_bg":"","ocean_menu_social_hover_links_bg":"","ocean_menu_social_links_color":"","ocean_menu_social_hover_links_color":"","ocean_disable_title":"default","ocean_disable_heading":"default","ocean_post_title":"","ocean_post_subheading":"","ocean_post_title_style":"","ocean_post_title_background_color":"","ocean_post_title_background":0,"ocean_post_title_bg_image_position":"","ocean_post_title_bg_image_attachment":"","ocean_post_title_bg_image_repeat":"","ocean_post_title_bg_image_size":"","ocean_post_title_height":0,"ocean_post_title_bg_overlay":0.5,"ocean_post_title_bg_overlay_color":"","ocean_disable_breadcrumbs":"default","ocean_breadcrumbs_color":"","ocean_breadcrumbs_separator_color":"","ocean_breadcrumbs_links_color":"","ocean_breadcrumbs_links_hover_color":"","ocean_display_footer_widgets":"default","ocean_display_footer_bottom":"default","ocean_custom_footer_template":"","footnotes":""},"class_list":["post-1538","page","type-page","status-publish","hentry","entry"],"aioseo_notices":[],"_links":{"self":[{"href":"https:\/\/compromisconsulting.es\/eu\/wp-json\/wp\/v2\/pages\/1538","targetHints":{"allow":["GET"]}}],"collection":[{"href":"https:\/\/compromisconsulting.es\/eu\/wp-json\/wp\/v2\/pages"}],"about":[{"href":"https:\/\/compromisconsulting.es\/eu\/wp-json\/wp\/v2\/types\/page"}],"author":[{"embeddable":true,"href":"https:\/\/compromisconsulting.es\/eu\/wp-json\/wp\/v2\/users\/1"}],"replies":[{"embeddable":true,"href":"https:\/\/compromisconsulting.es\/eu\/wp-json\/wp\/v2\/comments?post=1538"}],"version-history":[{"count":3,"href":"https:\/\/compromisconsulting.es\/eu\/wp-json\/wp\/v2\/pages\/1538\/revisions"}],"predecessor-version":[{"id":1541,"href":"https:\/\/compromisconsulting.es\/eu\/wp-json\/wp\/v2\/pages\/1538\/revisions\/1541"}],"wp:attachment":[{"href":"https:\/\/compromisconsulting.es\/eu\/wp-json\/wp\/v2\/media?parent=1538"}],"curies":[{"name":"wp","href":"https:\/\/api.w.org\/{rel}","templated":true}]}}