{"id":1528,"date":"2024-12-12T14:05:19","date_gmt":"2024-12-12T14:05:19","guid":{"rendered":"https:\/\/compromisconsulting.es\/lege-oharra"},"modified":"2025-07-09T07:03:24","modified_gmt":"2025-07-09T07:03:24","slug":"lege-oharra","status":"publish","type":"page","link":"https:\/\/compromisconsulting.es\/eu\/lege-oharra","title":{"rendered":"Lege Oharra"},"content":{"rendered":"\t\t<div data-elementor-type=\"wp-page\" data-elementor-id=\"1528\" class=\"elementor elementor-1528 elementor-1397\">\n\t\t\t\t<div class=\"elementor-element elementor-element-862df56 e-flex e-con-boxed e-con e-parent\" data-id=\"862df56\" data-element_type=\"container\">\n\t\t\t\t\t<div class=\"e-con-inner\">\n\t\t\t\t<div class=\"elementor-element elementor-element-415182c elementor-widget elementor-widget-spacer\" data-id=\"415182c\" data-element_type=\"widget\" data-widget_type=\"spacer.default\">\n\t\t\t\t<div class=\"elementor-widget-container\">\n\t\t\t\t\t\t\t<div class=\"elementor-spacer\">\n\t\t\t<div class=\"elementor-spacer-inner\"><\/div>\n\t\t<\/div>\n\t\t\t\t\t\t<\/div>\n\t\t\t\t<\/div>\n\t\t\t\t\t<\/div>\n\t\t\t\t<\/div>\n\t\t<div class=\"elementor-element elementor-element-2f633dd4 e-flex e-con-boxed e-con e-parent\" data-id=\"2f633dd4\" data-element_type=\"container\">\n\t\t\t\t\t<div class=\"e-con-inner\">\n\t\t\t\t<div class=\"elementor-element elementor-element-4fbc5f2d elementor-widget elementor-widget-text-editor\" data-id=\"4fbc5f2d\" data-element_type=\"widget\" data-widget_type=\"text-editor.default\">\n\t\t\t\t<div class=\"elementor-widget-container\">\n\t\t\t\t\t\t\t\t\t\n<p><strong>1. Sarrera.&nbsp;<\/strong><\/p>\n\n\n\n<p>1.1. Mediante el uso y el acceso a este sitio web <strong>www.compromisconsulting.es <\/strong>(en adelante \u00abel sitio web\u00bb), usted otorga un contrato vinculante con nuestra sociedad, su contrato con nosotros incluye su aceptaci\u00f3n a estos \u201cT\u00e9rminos y Condiciones de Uso\u201d y a nuestra \u201cPol\u00edtica de Privacidad\u201d. Si no estuviera de acuerdo con cualquiera de los t\u00e9rminos, por favor, le invitamos a que abandone el sitio web.<br>1.2. El sitio web es titularidad de COMPROMIS CONSULTING BILBAO S.L., con sede fiscal en Plaza Sarrikoalde, 3 Deusto \u2013 48015 Bilbao (Bizkaia) con C.I.F. n\u00ba B95234910.<br>1.3. COMPROMIS CONSULTING BILBAO S.L. le indica que es obligaci\u00f3n del Usuario leer las presentes condiciones de uso del sitio web, consider\u00e1ndose vigentes y por lo tanto aplicables. Recomendamos a los Usuarios que impriman y guarden una copia de los presentes \u201cT\u00e9rminos y condiciones de uso\u201d para, posteriormente, tener conocimiento de las mismas, si bien dicha informaci\u00f3n estar\u00e1 en todo momento disponible en la p\u00e1gina web (www.compromisconsulting.es). Todas las condiciones pueden ser almacenadas y reproducidas por los Usuarios\/clientes a trav\u00e9s de cualquier herramienta de los procesadores de texto convencionales existentes en el mercado.<br>1.4. El Usuario garantiza que toda informaci\u00f3n que proporcione a COMPROMIS CONSULTING BILBAO S.L. sea veraz, precisa y completa, y acepta que as\u00ed sea en todo momento.       <\/p>\n\n\n\n<p><strong>2. Objektua.<\/strong><\/p>\n\n\n\n<p>2.1. Es objeto de los presentes t\u00e9rminos y condiciones de uso, la regulaci\u00f3n de la navegaci\u00f3n, acceso y uso del sitio web y de su informaci\u00f3n, esta conducta f\u00e1ctica supone la aceptaci\u00f3n jur\u00eddica autom\u00e1tica y sin modificaci\u00f3n alguna, de los t\u00e9rminos, condiciones y advertencias recogidas en el presente texto. Las conductas descritas confieren la condici\u00f3n de Usuario sin necesidad de firma convencional por parte del Usuario, en cuanto a los t\u00e9rminos aqu\u00ed establecidos sin perjuicio de la aplicaci\u00f3n de las correspondientes normativas de obligado cumplimiento. Es obligaci\u00f3n de COMPROMIS CONSULTING BILBAO S.L. advertir que si el Usuario estuviera en desacuerdo con los t\u00e9rminos presentes en este documento, el Usuario deber\u00e1 abstenerse de acceder al sitio web, por lo que COMPROMIS CONSULTING BILBAO S.L. le invita a abandonar este sitio web si est\u00e1 conforme con la mencionada advertencia.   <br>2.2 Erabiltzaileak pertsona fisiko edo juridikoa dela adierazten du, COMPROMIS CONSULTING BILBAO S.L. adierazten du, eta Erabiltzaileak aitortzen du, COMPROMIS CONSULTING BILBAO S.L. askotariko informazio, zerbitzu eta datu eskaintzen ditu, Erabiltzaileak webgunearen erabilera zuzenaren erantzukizuna bere gain hartzen duelarik. Erantzukizun hori Erabiltzaileak webgunearen barruan egiten dituen erabilera eta praktika guztietara hedatuko da, baita COMPROMIS CONSULTING BILBAO S.L.k eskaintzen dituen informazio, zerbitzu eta datuen erabilerara ere. <\/p>\n\n\n\n<p><strong>3. Erabiltzaileen gidalerroak.<\/strong><br>Oinarrizko arau batzuk ezarri ditugu, Erabiltzaileak gure webgunera sartzerakoan horiek bete ditzan, baita gure zerbitzuak kontratatzerakoan ere. Mesedez, jarraitu arau hauek: <\/p>\n\n\n\n<p><strong><em>3.1. Directrices de acceso a los sitios web <\/em><\/strong><br>3.1.1. Para acceder a los sitios web, el Usuario debe contar con un acceso y conexi\u00f3n a la Red Internet, abonar las tarifas de acceso, tener el equipo\/dispositivo y los sistemas electr\u00f3nicos necesarios para realizar la conexi\u00f3n a la red, incluyendo un terminal que sea adecuado al efecto (ordenador, tel\u00e9fono, tablet, etc.) y un m\u00f3dem u otro dispositivo de acceso an\u00e1logo o similar.<br>3.1.2. El Usuario conoce que el correcto acceso y uso de determinados contenidos y servicios de los sitios web, puede implicar la descarga en sus dispositivos inform\u00e1ticos de determinados programas de ordenador u otros elementos l\u00f3gicos. El Usuario es el \u00fanico responsable de la instalaci\u00f3n de citados elementos, declinando COMPROMIS CONSULTING BILBAO S.L. cualquier tipo de responsabilidad que de ello pudiera derivarse.   <br><strong><em>3.2. Directrices de utilizaci\u00f3n de los sitios web por el usuario <\/em><\/strong><br>3.2.1. El Usuario se obliga a llevar a cabo una utilizaci\u00f3n de los sitios web, sus condiciones, servicios que se pudieran ofrecer, contenidos de conformidad con la Ley, la Moral, las buenas Costumbres y el orden p\u00fablico, no utiliz\u00e1ndolo contrariamente a los contenidos presentes en este texto, de forma lesiva para COMPROMIS CONSULTING BILBAO S.L. o terceros, o que de cualquier forma pueda da\u00f1ar, inutilizar o deteriorar los sitios web o sus servicios, o impedir un normal disfrute de los sitios web por otros Usuarios.<br>3.2.2. El Usuario se abstendr\u00e1 de realizar acciones que da\u00f1en, interrumpan o generen errores en los sistemas de COMPROMIS CONSULTING BILBAO S.L., as\u00ed como de introducir programas, virus, macros, applets, controles ActiveX o cualquier otro dispositivo l\u00f3gico o secuencia de caracteres que causen o sean susceptibles de causar cualquier tipo de alteraci\u00f3n en los sistemas inform\u00e1ticos.<br>3.2.3. COMPROMIS CONSULTING BILBAO S.L. se reserva el derecho a denegar o retirar el acceso al sitio web y\/o a los Servicios, en cualquier momento y sin necesidad de previo aviso a aquellos Usuarios que incumplan los t\u00e9rminos y condiciones de uso.   <br><em><strong>3.3. Limitaci\u00f3n de responsabilidad de COMPROMIS CONSULTING BILBAO S.L. por el uso de los sitios web <\/strong><\/em><br>3.3.1. Los sitios web pueden albergar contenidos publicitarios o estar patrocinados. Los anunciantes y patrocinadores son los \u00fanicos responsables de asegurarse que el material remitido, para su inclusi\u00f3n en los sitios web, cumple con las leyes que en cada caso puedan ser de aplicaci\u00f3n. COMPROMIS CONSULTING BILBAO S.L. no ser\u00e1 responsable de cualquier error, inexactitud o irregularidad que puedan contener los contenidos publicitarios o de los patrocinadores.<br>3.3.2. COMPROMIS CONSULTING BILBAO S.L. hace todos los esfuerzos necesarios para ofrecer la informaci\u00f3n contenida en los sitios web de forma veraz y sin errores tipogr\u00e1ficos. En el caso que en alg\u00fan momento se produjera alg\u00fan error de este tipo, ajeno en todo momento a la voluntad de COMPROMIS CONSULTING BILBAO S.L., se proceder\u00eda a la subsanaci\u00f3n de la errata a la mayor brevedad y se facilitar\u00e1 al Usuario la informaci\u00f3n y opciones establecidas en la legislaci\u00f3n vigente.<br>3.3.3. COMPROMIS CONSULTING BILBAO S.L. no ser\u00e1 responsable frente al Usuario, en cuanto:<br>La eficacia en la conexi\u00f3n as\u00ed como la velocidad de acceso al sitio web por el Usuario. Las interferencias, omisiones, interrupciones, virus inform\u00e1ticos, aver\u00edas telef\u00f3nicas o desconexiones en el funcionamiento operativo del sistema electr\u00f3nico por causas ajenas a COMPROMIS CONSULTING BILBAO S.L.<br>La informaci\u00f3n introducida por Usuarios y terceras personas, ajenas a COMPROMIS CONSULTING BILBAO S.L. y con los que no se mantenga ning\u00fan tipo de acuerdo ni colaboraci\u00f3n contractual.       <\/p>\n\n\n\n<p><strong>4. Lotura-politika eta ezeztapenak.<\/strong><\/p>\n\n\n\n<p>4.1. COMPROMIS CONSULTING BILBAO S.L. no se hace responsable del contenido de las p\u00e1ginas web a las que el Usuario pueda acceder a trav\u00e9s de los enlaces establecidos en la plataforma y declara que en ning\u00fan caso proceder\u00e1 a examinar o ejercitar ning\u00fan tipo de control sobre el contenido de otras p\u00e1ginas de la red. Asimismo, tampoco garantizar\u00e1 la disponibilidad t\u00e9cnica, exactitud, veracidad, validez o legalidad de p\u00e1ginas ajenas a su propiedad a las que se pueda acceder por medio de los enlaces.<br>4.2. COMPROMIS CONSULTING BILBAO S.L. declara haber adoptado todas las medidas necesarias para evitar cualquier da\u00f1o a los Usuarios de sus sitios webs que pudiera derivarse de la navegaci\u00f3n por sus sitios webs. En consecuencia, COMPROMIS CONSULTING BILBAO S.L. no se hace responsable, en ning\u00fan caso, de los eventuales da\u00f1os que por la navegaci\u00f3n por Internet pudiera sufrir el Usuario.    <\/p>\n\n\n\n<p><strong>5. Testu honen indarraldia.<\/strong><\/p>\n\n\n\n<p>5.1. COMPROMIS CONSULTING BILBAO S.L. se reserva el derecho a realizar las modificaciones que considere oportunas, sin aviso previo, en el contenido del sitio web. Tanto en lo referente a los contenidos de los sitios, como en las condiciones de uso de los mismos. Dichas modificaciones podr\u00e1n realizarse, a trav\u00e9s del sitio web, por cualquier forma admisible en derecho y ser\u00e1n de obligado cumplimiento durante el tiempo en que exclusivamente se encuentren publicadas y a disposici\u00f3n en los sitios web y hasta que no sean modificadas por otras posteriores.   <\/p>\n\n\n\n<p><strong>6. Jabetza intelektuala eta industriala.<\/strong><\/p>\n\n\n\n<p>6.1. Todos los textos, im\u00e1genes, contenidos, logos, marcas registradas o no, as\u00ed como los medios y formas de presentaci\u00f3n y montaje de los sitios web, son titularidad originaria o derivativamente de COMPROMIS CONSULTING BILBAO S.L. Consecuentemente son obras o contenidos protegidos como propiedad intelectual y\/o propiedad industrial por el ordenamiento jur\u00eddico espa\u00f1ol conforme al Real Decreto Legislativo 1\/1996, de 12 de abril, por el que se aprueba el texto refundido de la Ley de Propiedad Intelectual, regularizando, aclarando y armonizando las disposiciones legales vigentes sobre la materia y por la Ley 17\/2001, de 7 de diciembre, de Marcas, si\u00e9ndoles adem\u00e1s aplicables tanto la normativa espa\u00f1ola af\u00edn y comunitaria en los citados campos, como los tratados internacionales relativos a la materia y suscritos por Espa\u00f1a. <br>6.2. Todos los derechos sobre los contenidos, est\u00e1n reservados quedando prohibida expresamente la reproducci\u00f3n, distribuci\u00f3n, comunicaci\u00f3n p\u00fablica, transformaci\u00f3n y\/o cualquier modalidad de uso, de la totalidad o parte de los contenidos de los sitios web sin el consentimiento expreso de COMPROMIS CONSULTING BILBAO S.L.. <\/p>\n\n\n\n<p><strong>7. Indarreko legeria eta eskumena.<\/strong><\/p>\n\n\n\n<p>7.1. COMPROMIS CONSULTING BILBAO S.L. se reserva asimismo la facultad de presentar las acciones civiles o penales que considere oportunas por la utilizaci\u00f3n indebida de sus p\u00e1ginas web y contenidos, o por el incumplimiento de las presentes condiciones.<br>7.2. Las partes acuerdan, de sus libres voluntades que la relaci\u00f3n entre el Usuario y COMPROMIS CONSULTING BILBAO S.L. se regir\u00e1 por la normativa espa\u00f1ola vigente y ser\u00e1n competentes para decidir sobre cualquier controversia que se pudiera suscitar entre el Usuario y COMPROMIS CONSULTING BILBAO S.L., los juzgados o tribunales de la localidad de Bilbao.  <\/p>\n\n\n\n<p><strong>8. Datuak Babesteko Politika.<\/strong><\/p>\n\n\n\n<p>8.1. De acuerdo con lo establecido por el Reglamento (UE) 2016\/679 del Parlamento Europeo y del Consejo, de 27 de abril de 2016, relativo a la protecci\u00f3n de las personas f\u00edsicas en lo que respecta al tratamiento de datos personales y a la libre circulaci\u00f3n de estos datos y por el que se deroga la Directiva 95\/46\/CE, COMPROMIS CONSULTING BILBAO S.L. informa al Usuario en relaci\u00f3n al sitio web www.compromisconsulting.es que la informaci\u00f3n que se pueda recabar en el sitio web se incorporar\u00e1 en los sistemas de tratamiento responsabilidad de COMPROMIS CONSULTING BILBAO S.L., con las finalidades de realizar la gesti\u00f3n y el mantenimiento de la relaci\u00f3n con el Usuario con el sitio web, as\u00ed como las labores de informaci\u00f3n, estad\u00edstica, y comercializaci\u00f3n de los servicios y de las actividades relacionadas con los mismos. <br>8.2. COMPROMIS CONSULTING BILBAO S.L. informa de que la base leg\u00edtima que ampara los tratamientos indicados es la existencia de un inter\u00e9s leg\u00edtimo, asimismo en cuanto a la instalaci\u00f3n de cookies se encuentran legitimados en la existencia del consentimiento prestado por parte de los interesados o, en su caso, de los representantes legales de los mismos. <br> COMPROMIS CONSULTING BILBAO S.L. jakinarazten du datuak Erabiltzaileak emandako baimenak irauten duen bitartean gordeko direla, legez gordetzera behartuta gauden kasuetan izan ezik.<br>Datuak babesteko indarrean dagoen araudiak ematen dituen eskubideen arabera, Erabiltzaileak Kontrol Agintaritza eskudunarekin jo dezake egokitzat jotzen duen erreklamazioa aurkezteko, bai eta sartzeko, zuzentzeko, tratamendua mugatzeko, ezabatzeko, eramangarritasunerako eta aurka egiteko eskubideak erabili ahal izango ditu. zure datu pertsonalak tratatzeari, bai eta horiek tratatzeko emandako baimena kentzeari ere.<br>Europako Parlamentuaren eta Kontseiluaren 2016ko apirilaren 27ko 2016\/679 (EB) Erregelamenduaren 32. artikuluan ezarritakoaren arabera, pertsona fisikoen babesari buruzko datu pertsonalen tratamenduari eta zirkulazio askeari buruzkoa. datu horiek eta 95\/46\/EE Zuzentaraua indargabetzen duena, COMPROMIS CONSULTING BILBAO S.L. konpromisoa hartzen du beharrezko neurri teknikoak eta antolamendukoak hartzeko, haiek egindako tratamenduekin batera dakarten arrisku-mailaren arabera eta erabilera-baldintzen atalean adierazitakoa, haien osotasuna, konfidentzialtasuna eta erabilgarritasuna bermatzeko.<br>Era berean, COMPROMIS CONSULTING BILBAO S.L. jakinarazten du Erabiltzaileak hirugarrenen webguneetako inprimakietan datuak sartuz gero, azken hau izango dela datu pertsonalen erantzule, eta Erabilera Baldintza hauen atalean azaldutako neurri teknikoak hartu beharko dituela.<br>COMPROMIS CONSULTING BILBAO S.L. Erabiltzaileak dituen eta COMPROMIS CONSULTING BILBAO S.L.ren aurrean egikaritu daitezkeen sarbidea, zuzenketa, tratamendua mugatzeko, ezabatzeko, eramangarritasunerako eta tratamenduaren aurka egiteko eskubideak erabiltzeko aukeraren berri ematen du. RGPDren III. kapituluan ezarritakoaren arabera, \u00f1abardura hauek hartu behar dira kontuan:<br>Atzitzeko eskubidea: Erabiltzaileak bere datu pertsonal espezifikoei eta egindako edo egin den tratamenduari buruzko informazioa lortzeko eskubidea da, bai eta datu horien jatorriari eta egin edo aurreikusitako komunikazioei buruz eskuragarri dagoen informazioa ere. haiek.<br>Zuzentzeko eskubidea: kaltetutako pertsonaren eskubidea da zehaztasunik gabe edo osatu gabe agertzen diren datuak aldatzeko. COMPROMIS CONSULTING BILBAO S.L.ren kontrolpean dagoen informazioari dagokionez bakarrik ase daiteke, adibidez, orrialdean bertan argitaratutako iruzkinak, erabiltzailearen datu pertsonalak dituzten irudiak edo web edukiak ezabatuz.  <br>Tratamendua mugatzeko eskubidea: tratamenduaren arduradunak jatorrian aurreikusitako tratamenduaren helburuak mugatzeko eskubidea da.<br>Ezabatzeko eskubidea: Erabiltzailearen datu pertsonalak ezabatzeko eskubidea da, salbu eta RGPDn bertan edo aplikatzekoak diren beste araudietan horiek gordetzeko betebeharra zehazten dutena, garaiz.<br>Eramangarritasun-eskubidea: Erabiltzaileak emandako datu pertsonalak, formatu egituratu batean, erabili ohi den eta makinaz irakur daitekeen batean jasotzeko eta beste arduradun bati transmititzeko eskubidea.<br>Aurka-eskubidea: Erabiltzailearen eskubidea da bere datu pertsonalak ez tratatzea edo haien tratamendua etetea COMPROMIS CONSULTING BILBAO S.L.-k.<br>Webgunera sartzeak, baita bertako eduki eta zerbitzu guztiak edo zati bat ere, lege-ohar hau onartu eta nahitaez betetzea dakar, aurretik eta erreserbarik gabe.<\/p>\n\t\t\t\t\t\t\t\t<\/div>\n\t\t\t\t<\/div>\n\t\t\t\t\t<\/div>\n\t\t\t\t<\/div>\n\t\t<div class=\"elementor-element elementor-element-4cee8d7 e-flex e-con-boxed e-con e-parent\" data-id=\"4cee8d7\" data-element_type=\"container\">\n\t\t\t\t\t<div class=\"e-con-inner\">\n\t\t\t\t<div class=\"elementor-element elementor-element-5a7946f elementor-widget elementor-widget-spacer\" data-id=\"5a7946f\" data-element_type=\"widget\" data-widget_type=\"spacer.default\">\n\t\t\t\t<div class=\"elementor-widget-container\">\n\t\t\t\t\t\t\t<div class=\"elementor-spacer\">\n\t\t\t<div class=\"elementor-spacer-inner\"><\/div>\n\t\t<\/div>\n\t\t\t\t\t\t<\/div>\n\t\t\t\t<\/div>\n\t\t\t\t\t<\/div>\n\t\t\t\t<\/div>\n\t\t\t\t<\/div>\n\t\t","protected":false},"excerpt":{"rendered":"<p>1. Sarrera.&nbsp; 1.1. Mediante el uso y el acceso a este sitio web www.compromisconsulting.es (en adelante \u00abel sitio web\u00bb), usted otorga un contrato vinculante con nuestra sociedad, su contrato con nosotros incluye su aceptaci\u00f3n a estos \u201cT\u00e9rminos y Condiciones de Uso\u201d y a nuestra \u201cPol\u00edtica de Privacidad\u201d. Si no estuviera de acuerdo con cualquiera de [&hellip;]<\/p>\n","protected":false},"author":1,"featured_media":0,"parent":0,"menu_order":0,"comment_status":"closed","ping_status":"closed","template":"elementor_header_footer","meta":{"_monsterinsights_skip_tracking":false,"_monsterinsights_sitenote_active":false,"_monsterinsights_sitenote_note":"","_monsterinsights_sitenote_category":0,"ocean_post_layout":"","ocean_both_sidebars_style":"","ocean_both_sidebars_content_width":0,"ocean_both_sidebars_sidebars_width":0,"ocean_sidebar":"","ocean_second_sidebar":"","ocean_disable_margins":"enable","ocean_add_body_class":"","ocean_shortcode_before_top_bar":"","ocean_shortcode_after_top_bar":"","ocean_shortcode_before_header":"","ocean_shortcode_after_header":"","ocean_has_shortcode":"","ocean_shortcode_after_title":"","ocean_shortcode_before_footer_widgets":"","ocean_shortcode_after_footer_widgets":"","ocean_shortcode_before_footer_bottom":"","ocean_shortcode_after_footer_bottom":"","ocean_display_top_bar":"default","ocean_display_header":"default","ocean_header_style":"","ocean_center_header_left_menu":"","ocean_custom_header_template":"","ocean_custom_logo":0,"ocean_custom_retina_logo":0,"ocean_custom_logo_max_width":0,"ocean_custom_logo_tablet_max_width":0,"ocean_custom_logo_mobile_max_width":0,"ocean_custom_logo_max_height":0,"ocean_custom_logo_tablet_max_height":0,"ocean_custom_logo_mobile_max_height":0,"ocean_header_custom_menu":"","ocean_menu_typo_font_family":"","ocean_menu_typo_font_subset":"","ocean_menu_typo_font_size":0,"ocean_menu_typo_font_size_tablet":0,"ocean_menu_typo_font_size_mobile":0,"ocean_menu_typo_font_size_unit":"px","ocean_menu_typo_font_weight":"","ocean_menu_typo_font_weight_tablet":"","ocean_menu_typo_font_weight_mobile":"","ocean_menu_typo_transform":"","ocean_menu_typo_transform_tablet":"","ocean_menu_typo_transform_mobile":"","ocean_menu_typo_line_height":0,"ocean_menu_typo_line_height_tablet":0,"ocean_menu_typo_line_height_mobile":0,"ocean_menu_typo_line_height_unit":"","ocean_menu_typo_spacing":0,"ocean_menu_typo_spacing_tablet":0,"ocean_menu_typo_spacing_mobile":0,"ocean_menu_typo_spacing_unit":"","ocean_menu_link_color":"","ocean_menu_link_color_hover":"","ocean_menu_link_color_active":"","ocean_menu_link_background":"","ocean_menu_link_hover_background":"","ocean_menu_link_active_background":"","ocean_menu_social_links_bg":"","ocean_menu_social_hover_links_bg":"","ocean_menu_social_links_color":"","ocean_menu_social_hover_links_color":"","ocean_disable_title":"default","ocean_disable_heading":"default","ocean_post_title":"","ocean_post_subheading":"","ocean_post_title_style":"","ocean_post_title_background_color":"","ocean_post_title_background":0,"ocean_post_title_bg_image_position":"","ocean_post_title_bg_image_attachment":"","ocean_post_title_bg_image_repeat":"","ocean_post_title_bg_image_size":"","ocean_post_title_height":0,"ocean_post_title_bg_overlay":0.5,"ocean_post_title_bg_overlay_color":"","ocean_disable_breadcrumbs":"default","ocean_breadcrumbs_color":"","ocean_breadcrumbs_separator_color":"","ocean_breadcrumbs_links_color":"","ocean_breadcrumbs_links_hover_color":"","ocean_display_footer_widgets":"default","ocean_display_footer_bottom":"default","ocean_custom_footer_template":"","footnotes":""},"class_list":["post-1528","page","type-page","status-publish","hentry","entry"],"aioseo_notices":[],"_links":{"self":[{"href":"https:\/\/compromisconsulting.es\/eu\/wp-json\/wp\/v2\/pages\/1528","targetHints":{"allow":["GET"]}}],"collection":[{"href":"https:\/\/compromisconsulting.es\/eu\/wp-json\/wp\/v2\/pages"}],"about":[{"href":"https:\/\/compromisconsulting.es\/eu\/wp-json\/wp\/v2\/types\/page"}],"author":[{"embeddable":true,"href":"https:\/\/compromisconsulting.es\/eu\/wp-json\/wp\/v2\/users\/1"}],"replies":[{"embeddable":true,"href":"https:\/\/compromisconsulting.es\/eu\/wp-json\/wp\/v2\/comments?post=1528"}],"version-history":[{"count":11,"href":"https:\/\/compromisconsulting.es\/eu\/wp-json\/wp\/v2\/pages\/1528\/revisions"}],"predecessor-version":[{"id":1621,"href":"https:\/\/compromisconsulting.es\/eu\/wp-json\/wp\/v2\/pages\/1528\/revisions\/1621"}],"wp:attachment":[{"href":"https:\/\/compromisconsulting.es\/eu\/wp-json\/wp\/v2\/media?parent=1528"}],"curies":[{"name":"wp","href":"https:\/\/api.w.org\/{rel}","templated":true}]}}